{"id":4829,"date":"2021-11-05T09:57:58","date_gmt":"2021-11-05T09:57:58","guid":{"rendered":"https:\/\/montaudit.me\/drugi-o-nama\/"},"modified":"2023-10-21T10:32:29","modified_gmt":"2023-10-21T10:32:29","slug":"others-about-us","status":"publish","type":"page","link":"https:\/\/montaudit.me\/en\/others-about-us\/","title":{"rendered":"Others about us"},"content":{"rendered":"<div class=\"wpb-content-wrapper\"><p>[vc_row][vc_column width=&#8221;2\/3&#8243;][vc_custom_heading text=&#8221;27.10.2021.&#8221; use_theme_fonts=&#8221;yes&#8221;][vc_column_text]<\/p>\n<p><center><div style=\"width: 640px;\" class=\"wp-video\"><!--[if lt IE 9]><script>document.createElement('video');<\/script><![endif]-->\n<video class=\"wp-video-shortcode\" id=\"video-4829-1\" width=\"640\" height=\"360\" preload=\"metadata\" controls=\"controls\"><source type=\"video\/mp4\" src=\"https:\/\/montaudit.me\/wp-content\/uploads\/video\/RTV-Niksic-Jutarnji-program-27.oktobar-2021.mp4?_=1\" \/><a href=\"https:\/\/montaudit.me\/wp-content\/uploads\/video\/RTV-Niksic-Jutarnji-program-27.oktobar-2021.mp4\">https:\/\/montaudit.me\/wp-content\/uploads\/video\/RTV-Niksic-Jutarnji-program-27.oktobar-2021.mp4<\/a><\/video><\/div>\n<p>&nbsp;<\/p>\n<p>&nbsp;<\/p>\n<p><\/center>[\/vc_column_text][\/vc_column][vc_column width=&#8221;1\/3&#8243;][vc_empty_space][vc_empty_space][vc_column_text]<\/p>\n<p style=\"text-align: justify;\"><span class=\"d2edcug0 hpfvmrgz qv66sw1b c1et5uql lr9zc1uh a8c37x1j keod5gw0 nxhoafnm aigsh9s9 d3f4x2em fe6kdd0r mau55g9w c8b282yb iv3no6db jq4qci2q a3bd9o3v b1v8xokw oo9gr5id hzawbc8m\" dir=\"auto\">Gostovanje izvr\u0161nog direktora revizorskog dru\u0161tva HLB Mont Audit doo iz Podgorice, Prof. dr Slavka Rako\u010devi\u0107a, u Jutarnjem programu RTV Nik\u0161i\u0107, na temu sprovo\u0111enja \u0161estomjese\u010dne obuke ra\u010dunovo\u0111a i revizora Crne Gore, u organizaciji PU Crnogorski Edukativni Centar, u saradnji sa Institutom internih revizora Crne Gore i revizorskim dru\u0161tvom HLB Mont Audit doo iz Podgorice.<\/span><\/p>\n<p>[\/vc_column_text][\/vc_column][\/vc_row][vc_row][vc_column width=&#8221;2\/3&#8243;][vc_custom_heading text=&#8221;20.12.2019.&#8221; use_theme_fonts=&#8221;yes&#8221;][vc_column_text]<\/p>\n<p><center><div style=\"width: 640px;\" class=\"wp-video\"><video class=\"wp-video-shortcode\" id=\"video-4829-2\" width=\"640\" height=\"360\" preload=\"metadata\" controls=\"controls\"><source type=\"video\/mp4\" src=\"https:\/\/edukativni-centar.me\/wp-content\/video\/DODJELA-JAVNIH-ISPRAVA-ZA-ZVANJE-RACUNOVODSTVENI-TEHNICAR.mp4?_=2\" \/><a href=\"https:\/\/edukativni-centar.me\/wp-content\/video\/DODJELA-JAVNIH-ISPRAVA-ZA-ZVANJE-RACUNOVODSTVENI-TEHNICAR.mp4\">https:\/\/edukativni-centar.me\/wp-content\/video\/DODJELA-JAVNIH-ISPRAVA-ZA-ZVANJE-RACUNOVODSTVENI-TEHNICAR.mp4<\/a><\/video><\/div>\n<p>[\/vc_column_text][\/vc_column][vc_column width=&#8221;1\/3&#8243;][vc_empty_space][vc_empty_space][vc_column_text]<\/p>\n<p style=\"text-align: justify;\"><span class=\"d2edcug0 hpfvmrgz qv66sw1b c1et5uql lr9zc1uh a8c37x1j keod5gw0 nxhoafnm aigsh9s9 d3f4x2em fe6kdd0r mau55g9w c8b282yb iv3no6db jq4qci2q a3bd9o3v b1v8xokw oo9gr5id hzawbc8m\" dir=\"auto\">Zvani\u010dna dodjela sertifikata-javnih isprava za ste\u010deno zvanje \u201cRa\u010dunovodstveni tehni\u010dar\/ka\u201d, nakon uspje\u0161no sprovedene vi\u0161emjese\u010dne obuke koju je organizovao HLB Mont Audit doo, kao jedan od osniva\u010da Crnogorskog edukativnog centra a u\u00a0 saradnji sa Zavodom za zapo\u0161ljavanje Crne Gore (ZZZCG).<\/span><\/p>\n<p>[\/vc_column_text][\/vc_column][\/vc_row]<\/p>\n<p>&nbsp;<\/p>\n<p><\/center><\/p>\n<\/div>","protected":false},"excerpt":{"rendered":"<p>[vc_row][vc_column width=&#8221;2\/3&#8243;][vc_custom_heading text=&#8221;27.10.2021.&#8221; use_theme_fonts=&#8221;yes&#8221;][vc_column_text] &nbsp; &nbsp; [\/vc_column_text][\/vc_column][vc_column width=&#8221;1\/3&#8243;][vc_empty_space][vc_empty_space][vc_column_text] Gostovanje izvr\u0161nog direktora revizorskog dru\u0161tva HLB Mont Audit doo iz Podgorice, Prof. dr Slavka Rako\u010devi\u0107a, u Jutarnjem programu RTV Nik\u0161i\u0107, na temu sprovo\u0111enja \u0161estomjese\u010dne obuke ra\u010dunovo\u0111a i revizora Crne Gore, u organizaciji PU Crnogorski Edukativni Centar, u saradnji sa Institutom internih revizora Crne Gore i revizorskim dru\u0161tvom&hellip;<\/p>\n","protected":false},"author":7,"featured_media":0,"parent":0,"menu_order":0,"comment_status":"closed","ping_status":"closed","template":"","meta":{"footnotes":""},"class_list":["post-4829","page","type-page","status-publish","hentry","description-off"],"_links":{"self":[{"href":"https:\/\/montaudit.me\/en\/wp-json\/wp\/v2\/pages\/4829","targetHints":{"allow":["GET"]}}],"collection":[{"href":"https:\/\/montaudit.me\/en\/wp-json\/wp\/v2\/pages"}],"about":[{"href":"https:\/\/montaudit.me\/en\/wp-json\/wp\/v2\/types\/page"}],"author":[{"embeddable":true,"href":"https:\/\/montaudit.me\/en\/wp-json\/wp\/v2\/users\/7"}],"replies":[{"embeddable":true,"href":"https:\/\/montaudit.me\/en\/wp-json\/wp\/v2\/comments?post=4829"}],"version-history":[{"count":1,"href":"https:\/\/montaudit.me\/en\/wp-json\/wp\/v2\/pages\/4829\/revisions"}],"predecessor-version":[{"id":4830,"href":"https:\/\/montaudit.me\/en\/wp-json\/wp\/v2\/pages\/4829\/revisions\/4830"}],"wp:attachment":[{"href":"https:\/\/montaudit.me\/en\/wp-json\/wp\/v2\/media?parent=4829"}],"curies":[{"name":"wp","href":"https:\/\/api.w.org\/{rel}","templated":true}]}}