{"id":4950,"date":"2021-10-08T08:45:29","date_gmt":"2021-10-08T08:45:29","guid":{"rendered":"https:\/\/montaudit.me\/revizija-finansijskih-izvjestaja\/"},"modified":"2025-04-07T09:18:18","modified_gmt":"2025-04-07T09:18:18","slug":"audit-of-financial-statements","status":"publish","type":"page","link":"https:\/\/montaudit.me\/en\/audit-of-financial-statements\/","title":{"rendered":"Audit of financial statements"},"content":{"rendered":"<p>&nbsp;<\/p>\n<div class=\"flex-1 overflow-hidden\">\n<div class=\"react-scroll-to-bottom--css-qtuvf-79elbk h-full\">\n<div class=\"react-scroll-to-bottom--css-qtuvf-1n7m0yu\">\n<div class=\"flex flex-col pb-9 text-sm\">\n<div class=\"w-full text-token-text-primary\" data-testid=\"conversation-turn-23\">\n<div class=\"px-4 py-2 justify-center text-base md:gap-6 m-auto\">\n<div class=\"flex flex-1 text-base mx-auto gap-3 md:px-5 lg:px-1 xl:px-5 md:max-w-3xl lg:max-w-[40rem] xl:max-w-[48rem] group final-completion\">\n<div class=\"relative flex w-full flex-col lg:w-[calc(100%-115px)] agent-turn\">\n<div class=\"flex-col gap-1 md:gap-3\">\n<div class=\"flex flex-grow flex-col max-w-full\">\n<div class=\"min-h-[20px] text-message flex flex-col items-start gap-3 whitespace-pre-wrap break-words [.text-message+&amp;]:mt-5 overflow-x-auto\" data-message-author-role=\"assistant\" data-message-id=\"afb84dd1-ea63-48ea-9cdc-ad1eb0dfa17b\">\n<div class=\"markdown prose w-full break-words dark:prose-invert light\">\n<table width=\"580\">\n<thead>\n<tr>\n<td width=\"66\">\n<p style=\"text-align: center;\"><strong>Serial number<\/strong><\/p>\n<\/td>\n<td width=\"514\">\n<p style=\"text-align: center;\"><strong>Client name<\/strong><\/p>\n<\/td>\n<\/tr>\n<\/thead>\n<tbody>\n<tr>\n<td width=\"66\">\n<p style=\"text-align: center;\">1.<\/p>\n<\/td>\n<td width=\"514\">AD \u201eFarma Moravac&#8221; Bijelo Polje<\/td>\n<\/tr>\n<tr>\n<td width=\"66\">\n<p style=\"text-align: center;\">2.<\/p>\n<\/td>\n<td width=\"514\">Dru\u0161tvo za spoljnu i unutra\u0161nju trgovinu, zastupanje, posredovanje, in\u017einjering i usluge ,,Businessmontenegro\u201c AD Podgorica<\/td>\n<\/tr>\n<tr>\n<td width=\"66\">\n<p style=\"text-align: center;\">3.<\/p>\n<\/td>\n<td width=\"514\">Trgovinsko \u2013 uslu\u017eno i export-import preduze\u0107e \u201eMil-Pop\u201c Doo Podgorica<\/td>\n<\/tr>\n<tr>\n<td width=\"66\">\n<p style=\"text-align: center;\">4.<\/p>\n<\/td>\n<td width=\"514\">IGP \u201eFidija\u201c Doo Podgorica<\/td>\n<\/tr>\n<tr>\n<td width=\"66\">\n<p style=\"text-align: center;\">5.<\/p>\n<\/td>\n<td width=\"514\">Dru\u0161tvo sa ograni\u010denom odgovorno\u0161\u0107u \u201eParking servis\u201c Bijelo Polje<\/td>\n<\/tr>\n<tr>\n<td width=\"66\">\n<p style=\"text-align: center;\">6.<\/p>\n<\/td>\n<td width=\"514\">Komisija za hartije od vrijednosti<\/td>\n<\/tr>\n<tr>\n<td width=\"66\">\n<p style=\"text-align: center;\">7.<\/p>\n<\/td>\n<td width=\"514\">&#8220;BIBLIO GLOBUS&#8221; Doo Budva<\/td>\n<\/tr>\n<tr>\n<td width=\"66\">\n<p style=\"text-align: center;\">8.<\/p>\n<\/td>\n<td width=\"514\">In\u017einjerska komora Crne Gore Podgorica<\/td>\n<\/tr>\n<tr>\n<td width=\"66\">\n<p style=\"text-align: center;\">9.<\/p>\n<\/td>\n<td width=\"514\">Dru\u0161tvo sa ograni\u010denom odgovorno\u0161\u0107u\u00a0 &#8220;Komunalno&#8221; Tivat<\/td>\n<\/tr>\n<tr>\n<td width=\"66\">\n<p style=\"text-align: center;\">10<\/p>\n<\/td>\n<td width=\"514\">Agencija za kontrolu i obezbje\u0111enje kvaliteta visokog obrazovanja Podgorica<\/td>\n<\/tr>\n<tr>\n<td width=\"66\">\n<p style=\"text-align: center;\">11.<\/p>\n<\/td>\n<td width=\"514\">Doo \u201eTehno Plus\u201c za proizvodnju, promet i usluge, export \u2013 import Podgorica<\/td>\n<\/tr>\n<tr>\n<td width=\"66\">\n<p style=\"text-align: center;\">12.<\/p>\n<\/td>\n<td width=\"514\">\u201eOmorika Montenegro\u201c Doo Herceg Novi<\/td>\n<\/tr>\n<tr>\n<td width=\"66\">\n<p style=\"text-align: center;\">13.<\/p>\n<\/td>\n<td width=\"514\">Dru\u0161tvo sa ograni\u010denom odgovorno\u0161\u0107u \u201eKomunalno \u2013 Lim\u201c Bijelo Polje<\/td>\n<\/tr>\n<tr>\n<td width=\"66\">\n<p style=\"text-align: center;\">14.<\/p>\n<\/td>\n<td width=\"514\">Nevladino udru\u017eenje Evropska mre\u017ea organizacija za monitoring izbora (ENEMO)<\/td>\n<\/tr>\n<tr>\n<td width=\"66\">\n<p style=\"text-align: center;\">15.<\/p>\n<\/td>\n<td width=\"514\">Komisija za tr\u017ei\u0161te kapitala<\/td>\n<\/tr>\n<tr>\n<td width=\"66\">\n<p style=\"text-align: center;\">16.<\/p>\n<\/td>\n<td width=\"514\">Dru\u0161tvo sa ograni\u010denom odgovorno\u0161\u0107u \u201eKomunalne djelatnosti\u201c Ulcinj<\/td>\n<\/tr>\n<tr>\n<td width=\"66\">\n<p style=\"text-align: center;\">17.<\/p>\n<\/td>\n<td width=\"514\">\u201e\u010cikom\u201c Dru\u0161tvo sa ograni\u010denom odgovorno\u0161\u0107u za informati\u010dki in\u017einjering, zastupanje i konsalting<\/td>\n<\/tr>\n<tr>\n<td width=\"66\">\n<p style=\"text-align: center;\">18.<\/p>\n<\/td>\n<td width=\"514\">QUEER Montenegro Podgorica<\/td>\n<\/tr>\n<tr>\n<td width=\"66\">\n<p style=\"text-align: center;\">19.<\/p>\n<\/td>\n<td width=\"514\">Dru\u0161tvo sa ograni\u010denom odgovorno\u0161\u0107u \u201eParking servis\u201c Tivat<\/td>\n<\/tr>\n<tr>\n<td width=\"66\">\n<p style=\"text-align: center;\">20.<\/p>\n<\/td>\n<td width=\"514\">\u201eLuka Bar\u201c AD Bar<\/td>\n<\/tr>\n<tr>\n<td width=\"66\">\n<p style=\"text-align: center;\">21.<\/p>\n<\/td>\n<td width=\"514\">Dru\u0161tvo sa ograni\u010denom odgovorno\u0161\u0107u \u201eVodovod\u201c Pljevlja<\/td>\n<\/tr>\n<tr>\n<td width=\"66\">\n<p style=\"text-align: center;\">22.<\/p>\n<\/td>\n<td width=\"514\">Javna ustanova Slu\u017ebeni list Crne Gore Podgorica<\/td>\n<\/tr>\n<tr>\n<td width=\"66\">\n<p style=\"text-align: center;\">23.<\/p>\n<\/td>\n<td width=\"514\">JZU Dom zdravlja Podgorica<\/td>\n<\/tr>\n<tr>\n<td width=\"66\">\n<p style=\"text-align: center;\">24.<\/p>\n<\/td>\n<td width=\"514\">JU Centar za kulturu Tivat<\/td>\n<\/tr>\n<tr>\n<td width=\"66\">\n<p style=\"text-align: center;\">25.<\/p>\n<\/td>\n<td width=\"514\">JU Sportska dvorana Tivat<\/td>\n<\/tr>\n<tr>\n<td width=\"66\">\n<p style=\"text-align: center;\">26.<\/p>\n<\/td>\n<td width=\"514\">JU Muzeji i galerija<\/td>\n<\/tr>\n<tr>\n<td width=\"66\">\n<p style=\"text-align: center;\">27.<\/p>\n<\/td>\n<td width=\"514\">JU Dnevni centar<\/td>\n<\/tr>\n<tr>\n<td width=\"66\">\n<p style=\"text-align: center;\">28.<\/p>\n<\/td>\n<td width=\"514\">Op\u0161tina Budva<\/td>\n<\/tr>\n<tr>\n<td width=\"66\">\n<p style=\"text-align: center;\">29.<\/p>\n<\/td>\n<td width=\"514\">\u201eSportski objekti\u201c d.o.o. Podgorica<\/td>\n<\/tr>\n<tr>\n<td width=\"66\">\n<p style=\"text-align: center;\">30.<\/p>\n<\/td>\n<td width=\"514\">Nevladino udru\u017eenje \u201cCentar za monitoring i istra\u017eivanje &#8211; CEMI\u201d<\/td>\n<\/tr>\n<tr>\n<td width=\"66\">\n<p style=\"text-align: center;\">31.<\/p>\n<\/td>\n<td width=\"514\">Komisija za tr\u017ei\u0161te kapitala<\/td>\n<\/tr>\n<tr>\n<td width=\"66\">\n<p style=\"text-align: center;\">32.<\/p>\n<\/td>\n<td width=\"514\">Agencija za investicije<\/td>\n<\/tr>\n<tr>\n<td width=\"66\">\n<p style=\"text-align: center;\">33.<\/p>\n<\/td>\n<td width=\"514\">\u017deljezni\u010dka infrastruktura Crne Gore AD Podgorica<\/td>\n<\/tr>\n<tr>\n<td width=\"66\">\n<p style=\"text-align: center;\">34.<\/p>\n<\/td>\n<td width=\"514\">Institut za fizikalnu medicinu, rehabilitaciju i reumatologiju \u201cDr Simo Milo\u0161evi\u0107\u201d AD Igalo<\/td>\n<\/tr>\n<tr>\n<td width=\"66\">\n<p style=\"text-align: center;\">35.<\/p>\n<\/td>\n<td width=\"514\">\u201eKomunalne usluge\u201c DOO Podgorica<\/td>\n<\/tr>\n<tr>\n<td width=\"66\">\n<p style=\"text-align: center;\">\n<\/td>\n<td width=\"514\"><\/td>\n<\/tr>\n<\/tbody>\n<\/table>\n<\/div>\n<\/div>\n<\/div>\n<\/div>\n<\/div>\n<\/div>\n<\/div>\n<\/div>\n<\/div>\n<\/div>\n<\/div>\n<\/div>\n<p>&nbsp;<\/p>\n","protected":false},"excerpt":{"rendered":"<p>&nbsp; Serial number Client name 1. AD \u201eFarma Moravac&#8221; Bijelo Polje 2. Dru\u0161tvo za spoljnu i unutra\u0161nju trgovinu, zastupanje, posredovanje, in\u017einjering i usluge ,,Businessmontenegro\u201c AD Podgorica 3. Trgovinsko \u2013 uslu\u017eno i export-import preduze\u0107e \u201eMil-Pop\u201c Doo Podgorica 4. IGP \u201eFidija\u201c Doo Podgorica 5. Dru\u0161tvo sa ograni\u010denom odgovorno\u0161\u0107u \u201eParking servis\u201c Bijelo Polje 6. Komisija za hartije od&hellip;<\/p>\n","protected":false},"author":6,"featured_media":0,"parent":0,"menu_order":0,"comment_status":"closed","ping_status":"closed","template":"","meta":{"footnotes":""},"class_list":["post-4950","page","type-page","status-publish","hentry","description-off"],"_links":{"self":[{"href":"https:\/\/montaudit.me\/en\/wp-json\/wp\/v2\/pages\/4950","targetHints":{"allow":["GET"]}}],"collection":[{"href":"https:\/\/montaudit.me\/en\/wp-json\/wp\/v2\/pages"}],"about":[{"href":"https:\/\/montaudit.me\/en\/wp-json\/wp\/v2\/types\/page"}],"author":[{"embeddable":true,"href":"https:\/\/montaudit.me\/en\/wp-json\/wp\/v2\/users\/6"}],"replies":[{"embeddable":true,"href":"https:\/\/montaudit.me\/en\/wp-json\/wp\/v2\/comments?post=4950"}],"version-history":[{"count":12,"href":"https:\/\/montaudit.me\/en\/wp-json\/wp\/v2\/pages\/4950\/revisions"}],"predecessor-version":[{"id":5130,"href":"https:\/\/montaudit.me\/en\/wp-json\/wp\/v2\/pages\/4950\/revisions\/5130"}],"wp:attachment":[{"href":"https:\/\/montaudit.me\/en\/wp-json\/wp\/v2\/media?parent=4950"}],"curies":[{"name":"wp","href":"https:\/\/api.w.org\/{rel}","templated":true}]}}