{"id":5501,"date":"2024-04-01T08:57:26","date_gmt":"2024-04-01T08:57:26","guid":{"rendered":"https:\/\/montaudit.me\/?page_id=5501"},"modified":"2024-07-16T07:40:18","modified_gmt":"2024-07-16T07:40:18","slug":"valuation-of-assets-in-accordance-with-ivs-evs-standards","status":"publish","type":"page","link":"https:\/\/montaudit.me\/en\/valuation-of-assets-in-accordance-with-ivs-evs-standards\/","title":{"rendered":"Valuation of assets in accordance with IVS\/EVS Standards"},"content":{"rendered":"<div class=\"wpb-content-wrapper\"><p>[vc_row][vc_column][vc_column_text]<strong>VALUATIONS IN ACCORDANCE WITH IVS\/EVS STANDARDS<\/strong><\/p>\n<p style=\"text-align: justify;\">The service of valuing real estate can be obtained for any property, plant, and equipment or enterprise capital in the territory of Montenegro.<\/p>\n<p style=\"text-align: justify;\">The valuation process involves providing an expert opinion on value and determining the value of real estate based on a systematic approach, which includes the following activities:<\/p>\n<ol style=\"text-align: justify;\">\n<li>Physical and legal identification of the asset being valued (subject of valuation):<\/li>\n<\/ol>\n<ul style=\"text-align: justify;\">\n<li>Apartments Family houses \/ villas<\/li>\n<li>Residential-commercial buildings<\/li>\n<li>Commercial spaces<\/li>\n<li>Factories<\/li>\n<li>Business complexes<\/li>\n<li>Hotel complexes<\/li>\n<li>Under-construction facilities<\/li>\n<li>Land<\/li>\n<\/ul>\n<p style=\"text-align: justify;\">2. Identification of property rights being valued (documentation):<\/p>\n<ul style=\"text-align: justify;\">\n<li>Real estate deed (apartments, commercial spaces &#8211; condominium)<\/li>\n<li>Copy of the plan (family houses, residential-commercial buildings, business complexes, land)<\/li>\n<li>Sales contract Extract from the urban plan (family houses, residential-commercial buildings, business complexes, land)<\/li>\n<li>Project documentation (family houses, residential-commercial buildings, business complexes)1<\/li>\n<\/ul>\n<p style=\"text-align: justify;\">3. Determination of the purpose of the valuation:<\/p>\n<ul style=\"text-align: justify;\">\n<li>Securing loans for individuals or companies<\/li>\n<li>Determining the amount of non-cash contribution in the formation of the share capital of a company<\/li>\n<li>Audit of the accounting value in financial statements<\/li>\n<li>Application of International Financial Reporting Standards &#8211; IFRS 16<\/li>\n<li>Determination of liquidation value in the case of forced sale or bankruptcy<\/li>\n<li>Determining the amount of investment in the reconstruction of facilities<\/li>\n<li>Property insurance<\/li>\n<li>Transaction operations<\/li>\n<li>Real estate transactions &#8211; assisting the seller in determining an acceptable price, or assisting the buyer in determining the offered price of the property<\/li>\n<li>Inheritance divisions<\/li>\n<\/ul>\n<p style=\"text-align: justify;\">4. Determination of the effective date of valuation (time frame in which the valuation is performed)<\/p>\n<p style=\"text-align: justify;\">5. Collection and analysis of data necessary for the application of the selected valuation method;<\/p>\n<p style=\"text-align: justify;\">6. Selection and application of valuation methods;<\/p>\n<p style=\"text-align: justify;\">7. Conclusion on value and report preparation.&#8221;<\/p>\n<p>[\/vc_column_text][vc_separator][vc_empty_space][\/vc_column][\/vc_row][vc_row][vc_column]<div id=\"ultimate-heading-365969dfa7528f5e6\" class=\"uvc-heading ult-adjust-bottom-margin ultimate-heading-365969dfa7528f5e6 uvc-4094 \" data-hspacer=\"no_spacer\"  data-halign=\"center\" style=\"text-align:center\"><div class=\"uvc-heading-spacer no_spacer\" style=\"top\"><\/div><div class=\"uvc-main-heading ult-responsive\"  data-ultimate-target='.uvc-heading.ultimate-heading-365969dfa7528f5e6 h2'  data-responsive-json-new='{\"font-size\":\"\",\"line-height\":\"\"}' ><h2 style=\"font-weight:normal;\">TEAM MEMBERS:<\/h2><\/div><\/div>[vc_empty_space][\/vc_column][\/vc_row][vc_row][vc_column width=&#8221;1\/4&#8243;][vc_empty_space][vc_single_image image=&#8221;2964&#8243;][\/vc_column][vc_column width=&#8221;3\/4&#8243;][vc_column_text]<strong>dr \u0110or\u0111ije Rako\u010devi\u0107<\/strong><\/p>\n<p>Mobile: +382 69 032 439; Email: <a target=\"_new\" rel=\"noopener\">djordjije.rakocevic@t-com.me<\/a><\/p>\n<p style=\"text-align: justify;\">Certified Appraiser of the Chamber of Appraisers of Montenegro; Certified Appraiser of the Government Agency for Restructuring of Economy and Foreign Investments of Montenegro; Certified Appraiser of the Association of Appraisers of Montenegro; Certified Court Expert; Founder of the Chamber of Appraisers of Montenegro &#8211; member of IVSC London; Licensed Auditor; Certified Internal Auditor; Founder and CEO of the audit company &#8220;HLB Mont Audit&#8221; from Podgorica; President of the Board of Directors of the Institute of Internal Auditors of Montenegro (member of IIA and ECIIA Brussels).<\/p>\n<p>[\/vc_column_text][vc_separator][vc_empty_space][\/vc_column][\/vc_row][vc_row][vc_column width=&#8221;1\/4&#8243;][vc_empty_space][vc_single_image image=&#8221;2978&#8243;][\/vc_column][vc_column width=&#8221;3\/4&#8243;][vc_column_text]<strong>Prof. Slavko Rakocevic Ph. D<\/strong><\/p>\n<p>Mobile: +382 69 399 399; Email: <a target=\"_new\" rel=\"noopener\">slavko.rakocevic@iircg.co.me<\/a><\/p>\n<p style=\"text-align: justify;\">Certified Appraiser of the Chamber of Appraisers of Montenegro; Certified Appraiser of the Association of Appraisers of Montenegro; Certified Court Expert; Founder of the Chamber of Appraisers of Montenegro &#8211; member of IVSC London; Licensed Auditor; Certified Internal Auditor; Founder of the audit company &#8220;HLB Mont Audit&#8221; Ltd. from Podgorica; Director of the Institute of Internal Auditors of Montenegro (IIA Montenegro &#8211; member of IIA and ECIIA Brussels).<\/p>\n<p>[\/vc_column_text][\/vc_column][\/vc_row]<\/p>\n<\/div>","protected":false},"excerpt":{"rendered":"<p>[vc_row][vc_column][vc_column_text]VALUATIONS IN ACCORDANCE WITH IVS\/EVS STANDARDS The service of valuing real estate can be obtained for any property, plant, and equipment or enterprise capital in the territory of Montenegro. The valuation process involves providing an expert opinion on value and determining the value of real estate based on a systematic approach, which includes the following&hellip;<\/p>\n","protected":false},"author":10,"featured_media":0,"parent":0,"menu_order":0,"comment_status":"closed","ping_status":"closed","template":"","meta":{"footnotes":""},"class_list":["post-5501","page","type-page","status-publish","hentry","description-off"],"_links":{"self":[{"href":"https:\/\/montaudit.me\/en\/wp-json\/wp\/v2\/pages\/5501","targetHints":{"allow":["GET"]}}],"collection":[{"href":"https:\/\/montaudit.me\/en\/wp-json\/wp\/v2\/pages"}],"about":[{"href":"https:\/\/montaudit.me\/en\/wp-json\/wp\/v2\/types\/page"}],"author":[{"embeddable":true,"href":"https:\/\/montaudit.me\/en\/wp-json\/wp\/v2\/users\/10"}],"replies":[{"embeddable":true,"href":"https:\/\/montaudit.me\/en\/wp-json\/wp\/v2\/comments?post=5501"}],"version-history":[{"count":11,"href":"https:\/\/montaudit.me\/en\/wp-json\/wp\/v2\/pages\/5501\/revisions"}],"predecessor-version":[{"id":5693,"href":"https:\/\/montaudit.me\/en\/wp-json\/wp\/v2\/pages\/5501\/revisions\/5693"}],"wp:attachment":[{"href":"https:\/\/montaudit.me\/en\/wp-json\/wp\/v2\/media?parent=5501"}],"curies":[{"name":"wp","href":"https:\/\/api.w.org\/{rel}","templated":true}]}}